{"id":1123,"date":"2023-05-16T11:18:18","date_gmt":"2023-05-16T09:18:18","guid":{"rendered":"https:\/\/2bconsulting.al\/newadgf\/garancia-per-financimet-e-energjise-se-rinovueshme\/"},"modified":"2023-06-06T14:24:48","modified_gmt":"2023-06-06T12:24:48","slug":"garancia-per-financimet-e-energjise-se-rinovueshme","status":"publish","type":"page","link":"https:\/\/old.adgf.al\/sq\/garancia-per-financimet-e-energjise-se-rinovueshme\/","title":{"rendered":"Garancia p\u00ebr Financimet e Energjis\u00eb s\u00eb Rinovueshme"},"content":{"rendered":"\t\t<div data-elementor-type=\"wp-page\" data-elementor-id=\"1123\" class=\"elementor elementor-1123 elementor-463\" data-elementor-post-type=\"page\">\n\t\t\t\t\t\t<section class=\"elementor-section elementor-top-section elementor-element elementor-element-c0c7801 elementor-section-boxed elementor-section-height-default elementor-section-height-default\" data-id=\"c0c7801\" data-element_type=\"section\">\n\t\t\t\t\t\t<div class=\"elementor-container elementor-column-gap-default\">\n\t\t\t\t\t<div class=\"elementor-column elementor-col-100 elementor-top-column elementor-element elementor-element-09482e0\" data-id=\"09482e0\" data-element_type=\"column\">\n\t\t\t<div class=\"elementor-widget-wrap elementor-element-populated\">\n\t\t\t\t\t\t<div class=\"elementor-element elementor-element-835f015 elementor-widget elementor-widget-shortcode\" data-id=\"835f015\" data-element_type=\"widget\" data-widget_type=\"shortcode.default\">\n\t\t\t\t<div class=\"elementor-widget-container\">\n\t\t\t\t\t\t\t<div class=\"elementor-shortcode\"><p style=\"font-size:80%;\"><span><span><a href=\"https:\/\/old.adgf.al\/\">Home<\/a><\/span><\/span><\/p><\/div>\n\t\t\t\t\t\t<\/div>\n\t\t\t\t<\/div>\n\t\t\t\t<div class=\"elementor-element elementor-element-5d9e60f elementor-widget elementor-widget-text-editor\" data-id=\"5d9e60f\" data-element_type=\"widget\" data-widget_type=\"text-editor.default\">\n\t\t\t\t<div class=\"elementor-widget-container\">\n\t\t\t\t\t\t\t\t\t<div class=\"vc_custom_heading text_align_left title_no_stripe\">\n<div class=\"vc_custom_heading text_align_left\">\n<div id=\"fullpage\" class=\"content_wrapper\">\n<div id=\"main\">\n<div class=\"container\">\n<div class=\"content-area\"><article id=\"post-568\" class=\"post-568 stm_service type-stm_service status-publish has-post-thumbnail hentry\">\n<div class=\"entry-content\"><section class=\"wpb-content-wrapper\">\n<div class=\"vc_row wpb_row vc_row-fluid\">\n<div class=\"wpb_column vc_column_container vc_col-sm-12\">\n<div class=\"vc_column-inner \">\n<div class=\"wpb_wrapper\">\n<div class=\"vc_custom_heading vc_custom_1594214328052 text_align_left\">\n<h3><span style=\"text-decoration: underline; text-decoration-color: #5aac4e;text-underline-offset: 12px;\">Ga<\/span>rancia p\u00ebr Financimet e Energjis\u00eb s\u00eb Rinovueshme<\/h3>\n<\/div>\n<\/div>\n<\/div>\n<\/div>\n<\/div>\n<\/section><\/div>\n<\/article><\/div>\n<\/div>\n<\/div>\n<\/div>\n<\/div>\n<\/div>\t\t\t\t\t\t\t\t<\/div>\n\t\t\t\t<\/div>\n\t\t\t\t<div class=\"elementor-element elementor-element-1f202cf elementor-widget elementor-widget-text-editor\" data-id=\"1f202cf\" data-element_type=\"widget\" data-widget_type=\"text-editor.default\">\n\t\t\t\t<div class=\"elementor-widget-container\">\n\t\t\t\t\t\t\t\t\t<div>\n<div>\n<div>\n<div>\n<div>\n<div>\n<article>\n<div>\n<section>\n<div>\n<div>\n<div>\n<div>\n<div>Investimet nga nd\u00ebrmarrjet mikro, t\u00eb vogla dhe t\u00eb mesme n\u00eb fush\u00ebn e energjis\u00eb s\u00eb rinovueshme dhe eficienc\u00ebs s\u00eb energjis\u00eb, q\u00eb \u00e7ojn\u00eb n\u00eb nj\u00eb reduktim t\u00eb konsumit t\u00eb energjis\u00eb ose emetimit t\u00eb&nbsp;<span style=\"font-family: &quot;Red Hat Display&quot;, -apple-system, BlinkMacSystemFont, &quot;Segoe UI&quot;, Roboto, Oxygen-Sans, Ubuntu, Cantarell, &quot;Helvetica Neue&quot;, sans-serif; font-size: 18px; font-style: normal; font-variant-ligatures: normal; font-variant-caps: normal; font-weight: 400;\">CO\u00b2<\/span>&nbsp;me t\u00eb pakt\u00ebn 20%.<\/div>\n<\/div>\n<\/div>\n<\/div>\n<\/div>\n<\/section>\n<\/div>\n<\/article>\n<\/div>\n<\/div>\n<\/div>\n<\/div>\n<\/div>\n<\/div>\t\t\t\t\t\t\t\t<\/div>\n\t\t\t\t<\/div>\n\t\t\t\t<div class=\"elementor-element elementor-element-fc44a0f elementor-widget elementor-widget-image\" data-id=\"fc44a0f\" data-element_type=\"widget\" data-widget_type=\"image.default\">\n\t\t\t\t<div class=\"elementor-widget-container\">\n\t\t\t\t\t\t\t\t\t\t\t\t\t\t\t<img fetchpriority=\"high\" decoding=\"async\" width=\"768\" height=\"576\" src=\"https:\/\/old.adgf.al\/wp-content\/uploads\/2023\/05\/Renewable-Energy-Financing-768x576.jpg\" class=\"attachment-medium_large size-medium_large wp-image-443\" alt=\"\" srcset=\"https:\/\/old.adgf.al\/wp-content\/uploads\/2023\/05\/Renewable-Energy-Financing-768x576.jpg 768w, https:\/\/old.adgf.al\/wp-content\/uploads\/2023\/05\/Renewable-Energy-Financing-300x225.jpg 300w, https:\/\/old.adgf.al\/wp-content\/uploads\/2023\/05\/Renewable-Energy-Financing-195x146.jpg 195w, https:\/\/old.adgf.al\/wp-content\/uploads\/2023\/05\/Renewable-Energy-Financing-50x38.jpg 50w, https:\/\/old.adgf.al\/wp-content\/uploads\/2023\/05\/Renewable-Energy-Financing-100x75.jpg 100w, https:\/\/old.adgf.al\/wp-content\/uploads\/2023\/05\/Renewable-Energy-Financing-480x360.jpg 480w, https:\/\/old.adgf.al\/wp-content\/uploads\/2023\/05\/Renewable-Energy-Financing.jpg 800w\" sizes=\"(max-width:767px) 480px, (max-width:768px) 100vw, 768px\" \/>\t\t\t\t\t\t\t\t\t\t\t\t\t\t\t<\/div>\n\t\t\t\t<\/div>\n\t\t\t\t\t<\/div>\n\t\t<\/div>\n\t\t\t\t\t<\/div>\n\t\t<\/section>\n\t\t\t\t<\/div>\n\t\t","protected":false},"excerpt":{"rendered":"<p>Garancia p\u00ebr Financimet e Energjis\u00eb s\u00eb Rinovueshme Investimet nga nd\u00ebrmarrjet mikro, t\u00eb vogla dhe t\u00eb mesme n\u00eb fush\u00ebn e energjis\u00eb s\u00eb rinovueshme dhe eficienc\u00ebs s\u00eb energjis\u00eb,<span class=\"excerpt-hellip\"> [\u2026]<\/span><\/p>\n","protected":false},"author":1,"featured_media":912,"parent":0,"menu_order":0,"comment_status":"closed","ping_status":"closed","template":"","meta":{"ngg_post_thumbnail":0,"footnotes":""},"class_list":["post-1123","page","type-page","status-publish","has-post-thumbnail","hentry"],"yoast_head":"<!-- This site is optimized with the Yoast SEO plugin v25.9 - https:\/\/yoast.com\/wordpress\/plugins\/seo\/ -->\n<title>Garancia p\u00ebr Financimet e Energjis\u00eb s\u00eb Rinovueshme - ADGF<\/title>\n<meta name=\"robots\" content=\"noindex, follow, max-snippet:-1, max-image-preview:large, max-video-preview:-1\" \/>\n<meta property=\"og:locale\" content=\"sq_AL\" \/>\n<meta property=\"og:type\" content=\"article\" \/>\n<meta property=\"og:title\" content=\"Garancia p\u00ebr Financimet e Energjis\u00eb s\u00eb Rinovueshme - ADGF\" \/>\n<meta property=\"og:description\" content=\"Garancia p\u00ebr Financimet e Energjis\u00eb s\u00eb Rinovueshme Investimet nga nd\u00ebrmarrjet mikro, t\u00eb vogla dhe t\u00eb mesme n\u00eb fush\u00ebn e energjis\u00eb s\u00eb rinovueshme dhe eficienc\u00ebs s\u00eb energjis\u00eb, [\u2026]\" \/>\n<meta property=\"og:url\" content=\"https:\/\/old.adgf.al\/renewable\/\" \/>\n<meta property=\"og:site_name\" content=\"ADGF\" \/>\n<meta property=\"article:modified_time\" content=\"2023-06-06T12:24:48+00:00\" \/>\n<meta property=\"og:image\" content=\"https:\/\/i0.wp.com\/adgf.al\/wp-content\/uploads\/2023\/05\/Renewable-Energy-Financing.jpg?fit=800%2C600&ssl=1\" \/>\n\t<meta property=\"og:image:width\" content=\"800\" \/>\n\t<meta property=\"og:image:height\" content=\"600\" \/>\n\t<meta property=\"og:image:type\" content=\"image\/jpeg\" \/>\n<meta name=\"twitter:card\" content=\"summary_large_image\" \/>\n<meta name=\"twitter:label1\" content=\"Est. reading time\" \/>\n\t<meta name=\"twitter:data1\" content=\"1 minute\" \/>\n<script type=\"application\/ld+json\" class=\"yoast-schema-graph\">{\"@context\":\"https:\/\/schema.org\",\"@graph\":[{\"@type\":\"WebPage\",\"@id\":\"https:\/\/old.adgf.al\/renewable\/\",\"url\":\"https:\/\/old.adgf.al\/renewable\/\",\"name\":\"Garancia p\u00ebr Financimet e Energjis\u00eb s\u00eb Rinovueshme - ADGF\",\"isPartOf\":{\"@id\":\"https:\/\/old.adgf.al\/#website\"},\"primaryImageOfPage\":{\"@id\":\"https:\/\/old.adgf.al\/renewable\/#primaryimage\"},\"image\":{\"@id\":\"https:\/\/old.adgf.al\/renewable\/#primaryimage\"},\"thumbnailUrl\":\"https:\/\/old.adgf.al\/wp-content\/uploads\/2023\/05\/Renewable-Energy-Financing.jpg\",\"datePublished\":\"2023-05-16T09:18:18+00:00\",\"dateModified\":\"2023-06-06T12:24:48+00:00\",\"breadcrumb\":{\"@id\":\"https:\/\/old.adgf.al\/renewable\/#breadcrumb\"},\"inLanguage\":\"sq-AL\",\"potentialAction\":[{\"@type\":\"ReadAction\",\"target\":[\"https:\/\/old.adgf.al\/renewable\/\"]}]},{\"@type\":\"ImageObject\",\"inLanguage\":\"sq-AL\",\"@id\":\"https:\/\/old.adgf.al\/renewable\/#primaryimage\",\"url\":\"https:\/\/old.adgf.al\/wp-content\/uploads\/2023\/05\/Renewable-Energy-Financing.jpg\",\"contentUrl\":\"https:\/\/old.adgf.al\/wp-content\/uploads\/2023\/05\/Renewable-Energy-Financing.jpg\",\"width\":800,\"height\":600},{\"@type\":\"BreadcrumbList\",\"@id\":\"https:\/\/old.adgf.al\/renewable\/#breadcrumb\",\"itemListElement\":[{\"@type\":\"ListItem\",\"position\":1,\"name\":\"Home\",\"item\":\"https:\/\/old.adgf.al\/\"},{\"@type\":\"ListItem\",\"position\":2,\"name\":\"Garancia p\u00ebr Financimet e Energjis\u00eb s\u00eb Rinovueshme\"}]},{\"@type\":\"WebSite\",\"@id\":\"https:\/\/old.adgf.al\/#website\",\"url\":\"https:\/\/old.adgf.al\/\",\"name\":\"ADGF\",\"description\":\"Albanian Development Guarantee Foundation\",\"publisher\":{\"@id\":\"https:\/\/old.adgf.al\/#organization\"},\"potentialAction\":[{\"@type\":\"SearchAction\",\"target\":{\"@type\":\"EntryPoint\",\"urlTemplate\":\"https:\/\/old.adgf.al\/?s={search_term_string}\"},\"query-input\":{\"@type\":\"PropertyValueSpecification\",\"valueRequired\":true,\"valueName\":\"search_term_string\"}}],\"inLanguage\":\"sq-AL\"},{\"@type\":\"Organization\",\"@id\":\"https:\/\/old.adgf.al\/#organization\",\"name\":\"ADGF\",\"url\":\"https:\/\/old.adgf.al\/\",\"logo\":{\"@type\":\"ImageObject\",\"inLanguage\":\"sq-AL\",\"@id\":\"https:\/\/old.adgf.al\/#\/schema\/logo\/image\/\",\"url\":\"https:\/\/i0.wp.com\/2bconsulting.al\/newadgf\/wp-content\/uploads\/2023\/05\/adgf-logo-and-banner.png?fit=661%2C150&ssl=1\",\"contentUrl\":\"https:\/\/i0.wp.com\/2bconsulting.al\/newadgf\/wp-content\/uploads\/2023\/05\/adgf-logo-and-banner.png?fit=661%2C150&ssl=1\",\"width\":661,\"height\":150,\"caption\":\"ADGF\"},\"image\":{\"@id\":\"https:\/\/old.adgf.al\/#\/schema\/logo\/image\/\"}}]}<\/script>\n<!-- \/ Yoast SEO plugin. -->","yoast_head_json":{"title":"Garancia p\u00ebr Financimet e Energjis\u00eb s\u00eb Rinovueshme - ADGF","robots":{"index":"noindex","follow":"follow","max-snippet":"max-snippet:-1","max-image-preview":"max-image-preview:large","max-video-preview":"max-video-preview:-1"},"og_locale":"sq_AL","og_type":"article","og_title":"Garancia p\u00ebr Financimet e Energjis\u00eb s\u00eb Rinovueshme - ADGF","og_description":"Garancia p\u00ebr Financimet e Energjis\u00eb s\u00eb Rinovueshme Investimet nga nd\u00ebrmarrjet mikro, t\u00eb vogla dhe t\u00eb mesme n\u00eb fush\u00ebn e energjis\u00eb s\u00eb rinovueshme dhe eficienc\u00ebs s\u00eb energjis\u00eb, [\u2026]","og_url":"https:\/\/old.adgf.al\/renewable\/","og_site_name":"ADGF","article_modified_time":"2023-06-06T12:24:48+00:00","og_image":[{"width":800,"height":600,"url":"https:\/\/i0.wp.com\/adgf.al\/wp-content\/uploads\/2023\/05\/Renewable-Energy-Financing.jpg?fit=800%2C600&ssl=1","type":"image\/jpeg"}],"twitter_card":"summary_large_image","twitter_misc":{"Est. reading time":"1 minute"},"schema":{"@context":"https:\/\/schema.org","@graph":[{"@type":"WebPage","@id":"https:\/\/old.adgf.al\/renewable\/","url":"https:\/\/old.adgf.al\/renewable\/","name":"Garancia p\u00ebr Financimet e Energjis\u00eb s\u00eb Rinovueshme - ADGF","isPartOf":{"@id":"https:\/\/old.adgf.al\/#website"},"primaryImageOfPage":{"@id":"https:\/\/old.adgf.al\/renewable\/#primaryimage"},"image":{"@id":"https:\/\/old.adgf.al\/renewable\/#primaryimage"},"thumbnailUrl":"https:\/\/old.adgf.al\/wp-content\/uploads\/2023\/05\/Renewable-Energy-Financing.jpg","datePublished":"2023-05-16T09:18:18+00:00","dateModified":"2023-06-06T12:24:48+00:00","breadcrumb":{"@id":"https:\/\/old.adgf.al\/renewable\/#breadcrumb"},"inLanguage":"sq-AL","potentialAction":[{"@type":"ReadAction","target":["https:\/\/old.adgf.al\/renewable\/"]}]},{"@type":"ImageObject","inLanguage":"sq-AL","@id":"https:\/\/old.adgf.al\/renewable\/#primaryimage","url":"https:\/\/old.adgf.al\/wp-content\/uploads\/2023\/05\/Renewable-Energy-Financing.jpg","contentUrl":"https:\/\/old.adgf.al\/wp-content\/uploads\/2023\/05\/Renewable-Energy-Financing.jpg","width":800,"height":600},{"@type":"BreadcrumbList","@id":"https:\/\/old.adgf.al\/renewable\/#breadcrumb","itemListElement":[{"@type":"ListItem","position":1,"name":"Home","item":"https:\/\/old.adgf.al\/"},{"@type":"ListItem","position":2,"name":"Garancia p\u00ebr Financimet e Energjis\u00eb s\u00eb Rinovueshme"}]},{"@type":"WebSite","@id":"https:\/\/old.adgf.al\/#website","url":"https:\/\/old.adgf.al\/","name":"ADGF","description":"Albanian Development Guarantee Foundation","publisher":{"@id":"https:\/\/old.adgf.al\/#organization"},"potentialAction":[{"@type":"SearchAction","target":{"@type":"EntryPoint","urlTemplate":"https:\/\/old.adgf.al\/?s={search_term_string}"},"query-input":{"@type":"PropertyValueSpecification","valueRequired":true,"valueName":"search_term_string"}}],"inLanguage":"sq-AL"},{"@type":"Organization","@id":"https:\/\/old.adgf.al\/#organization","name":"ADGF","url":"https:\/\/old.adgf.al\/","logo":{"@type":"ImageObject","inLanguage":"sq-AL","@id":"https:\/\/old.adgf.al\/#\/schema\/logo\/image\/","url":"https:\/\/i0.wp.com\/2bconsulting.al\/newadgf\/wp-content\/uploads\/2023\/05\/adgf-logo-and-banner.png?fit=661%2C150&ssl=1","contentUrl":"https:\/\/i0.wp.com\/2bconsulting.al\/newadgf\/wp-content\/uploads\/2023\/05\/adgf-logo-and-banner.png?fit=661%2C150&ssl=1","width":661,"height":150,"caption":"ADGF"},"image":{"@id":"https:\/\/old.adgf.al\/#\/schema\/logo\/image\/"}}]}},"jetpack_sharing_enabled":true,"_links":{"self":[{"href":"https:\/\/old.adgf.al\/sq\/wp-json\/wp\/v2\/pages\/1123","targetHints":{"allow":["GET"]}}],"collection":[{"href":"https:\/\/old.adgf.al\/sq\/wp-json\/wp\/v2\/pages"}],"about":[{"href":"https:\/\/old.adgf.al\/sq\/wp-json\/wp\/v2\/types\/page"}],"author":[{"embeddable":true,"href":"https:\/\/old.adgf.al\/sq\/wp-json\/wp\/v2\/users\/1"}],"replies":[{"embeddable":true,"href":"https:\/\/old.adgf.al\/sq\/wp-json\/wp\/v2\/comments?post=1123"}],"version-history":[{"count":11,"href":"https:\/\/old.adgf.al\/sq\/wp-json\/wp\/v2\/pages\/1123\/revisions"}],"predecessor-version":[{"id":1722,"href":"https:\/\/old.adgf.al\/sq\/wp-json\/wp\/v2\/pages\/1123\/revisions\/1722"}],"wp:featuredmedia":[{"embeddable":true,"href":"https:\/\/old.adgf.al\/sq\/wp-json\/wp\/v2\/media\/912"}],"wp:attachment":[{"href":"https:\/\/old.adgf.al\/sq\/wp-json\/wp\/v2\/media?parent=1123"}],"curies":[{"name":"wp","href":"https:\/\/api.w.org\/{rel}","templated":true}]}}