{"id":1118,"date":"2023-05-16T11:18:18","date_gmt":"2023-05-16T11:18:18","guid":{"rendered":"https:\/\/2bconsulting.al\/newadgf\/renewable\/"},"modified":"2023-05-22T17:24:24","modified_gmt":"2023-05-22T15:24:24","slug":"renewable","status":"publish","type":"page","link":"https:\/\/old.adgf.al\/sq\/renewable\/","title":{"rendered":"Garancia p\u00ebr Financimet e Energjis\u00eb s\u00eb Rinovueshme"},"content":{"rendered":"<p style=\"font-size: 80%;\"><span><span><a href=\"https:\/\/old.adgf.al\/\">Home<\/a><\/span><\/span><\/p>\n<p><img fetchpriority=\"high\" decoding=\"async\" src=\"https:\/\/2bconsulting.al\/newadgf\/wp-content\/uploads\/2023\/05\/Renewable-Energy-Financing-768x576.jpg\" sizes=\"(max-width:767px) 480px, (max-width:768px) 100vw, 768px\" srcset=\"https:\/\/i0.wp.com\/2bconsulting.al\/newadgf\/wp-content\/uploads\/2023\/05\/Renewable-Energy-Financing.jpg?resize=768%2C576&amp;ssl=1 768w, https:\/\/i0.wp.com\/2bconsulting.al\/newadgf\/wp-content\/uploads\/2023\/05\/Renewable-Energy-Financing.jpg?resize=300%2C225&amp;ssl=1 300w, https:\/\/i0.wp.com\/2bconsulting.al\/newadgf\/wp-content\/uploads\/2023\/05\/Renewable-Energy-Financing.jpg?resize=195%2C146&amp;ssl=1 195w, https:\/\/i0.wp.com\/2bconsulting.al\/newadgf\/wp-content\/uploads\/2023\/05\/Renewable-Energy-Financing.jpg?resize=50%2C38&amp;ssl=1 50w, https:\/\/i0.wp.com\/2bconsulting.al\/newadgf\/wp-content\/uploads\/2023\/05\/Renewable-Energy-Financing.jpg?resize=100%2C75&amp;ssl=1 100w, https:\/\/i0.wp.com\/2bconsulting.al\/newadgf\/wp-content\/uploads\/2023\/05\/Renewable-Energy-Financing.jpg?resize=480%2C360&amp;ssl=1 480w, https:\/\/i0.wp.com\/2bconsulting.al\/newadgf\/wp-content\/uploads\/2023\/05\/Renewable-Energy-Financing.jpg?w=800&amp;ssl=1 800w\" alt=\"\" width=\"768\" height=\"576\" \/><\/p>\n<article id=\"post-568\">\n<section>\n<h3>Garancia p\u00ebr Financimet e Energjis\u00eb s\u00eb Rinovueshme<\/h3>\n<\/section>\n<\/article>\n<footer id=\"footer\">Investimet nga nd\u00ebrmarrjet mikro, t\u00eb vogla dhe t\u00eb mesme n\u00eb fush\u00ebn e energjis\u00eb s\u00eb rinovueshme dhe eficienc\u00ebs s\u00eb energjis\u00eb, q\u00eb \u00e7ojn\u00eb n\u00eb nj\u00eb reduktim t\u00eb konsumit t\u00eb energjis\u00eb ose emetimit t\u00eb CO<sup>2<\/sup>\u00a0me t\u00eb pakt\u00ebn 20%.<\/footer>\n","protected":false},"excerpt":{"rendered":"<p>Garancia p\u00ebr Financimet e Energjis\u00eb s\u00eb Rinovueshme Investimet nga nd\u00ebrmarrjet mikro, t\u00eb vogla dhe t\u00eb mesme n\u00eb fush\u00ebn e energjis\u00eb s\u00eb rinovueshme dhe eficienc\u00ebs s\u00eb energjis\u00eb,<span class=\"excerpt-hellip\"> [\u2026]<\/span><\/p>\n","protected":false},"author":1,"featured_media":912,"parent":0,"menu_order":0,"comment_status":"closed","ping_status":"closed","template":"","meta":{"ngg_post_thumbnail":0,"footnotes":""},"class_list":["post-1118","page","type-page","status-publish","has-post-thumbnail","hentry"],"yoast_head":"<!-- This site is optimized with the Yoast SEO plugin v25.9 - https:\/\/yoast.com\/wordpress\/plugins\/seo\/ -->\n<title>Garancia p\u00ebr Financimet e Energjis\u00eb s\u00eb Rinovueshme - ADGF<\/title>\n<meta name=\"robots\" content=\"noindex, follow, max-snippet:-1, max-image-preview:large, max-video-preview:-1\" \/>\n<meta property=\"og:locale\" content=\"sq_AL\" \/>\n<meta property=\"og:type\" content=\"article\" \/>\n<meta property=\"og:title\" content=\"Garancia p\u00ebr Financimet e Energjis\u00eb s\u00eb Rinovueshme - ADGF\" \/>\n<meta property=\"og:description\" content=\"Garancia p\u00ebr Financimet e Energjis\u00eb s\u00eb Rinovueshme Investimet nga nd\u00ebrmarrjet mikro, t\u00eb vogla dhe t\u00eb mesme n\u00eb fush\u00ebn e energjis\u00eb s\u00eb rinovueshme dhe eficienc\u00ebs s\u00eb energjis\u00eb, [\u2026]\" \/>\n<meta property=\"og:url\" content=\"https:\/\/old.adgf.al\/sq\/renewable\/\" \/>\n<meta property=\"og:site_name\" content=\"ADGF\" \/>\n<meta property=\"article:modified_time\" content=\"2023-05-22T15:24:24+00:00\" \/>\n<meta property=\"og:image\" content=\"https:\/\/i0.wp.com\/adgf.al\/wp-content\/uploads\/2023\/05\/Renewable-Energy-Financing.jpg?fit=800%2C600&ssl=1\" \/>\n\t<meta property=\"og:image:width\" content=\"800\" \/>\n\t<meta property=\"og:image:height\" content=\"600\" \/>\n\t<meta property=\"og:image:type\" content=\"image\/jpeg\" \/>\n<meta name=\"twitter:card\" content=\"summary_large_image\" \/>\n<meta name=\"twitter:label1\" content=\"Est. reading time\" \/>\n\t<meta name=\"twitter:data1\" content=\"1 minute\" \/>\n<script type=\"application\/ld+json\" class=\"yoast-schema-graph\">{\"@context\":\"https:\/\/schema.org\",\"@graph\":[{\"@type\":\"WebPage\",\"@id\":\"https:\/\/old.adgf.al\/sq\/renewable\/\",\"url\":\"https:\/\/old.adgf.al\/sq\/renewable\/\",\"name\":\"Garancia p\u00ebr Financimet e Energjis\u00eb s\u00eb Rinovueshme - ADGF\",\"isPartOf\":{\"@id\":\"https:\/\/old.adgf.al\/#website\"},\"primaryImageOfPage\":{\"@id\":\"https:\/\/old.adgf.al\/sq\/renewable\/#primaryimage\"},\"image\":{\"@id\":\"https:\/\/old.adgf.al\/sq\/renewable\/#primaryimage\"},\"thumbnailUrl\":\"https:\/\/old.adgf.al\/wp-content\/uploads\/2023\/05\/Renewable-Energy-Financing.jpg\",\"datePublished\":\"2023-05-16T11:18:18+00:00\",\"dateModified\":\"2023-05-22T15:24:24+00:00\",\"breadcrumb\":{\"@id\":\"https:\/\/old.adgf.al\/sq\/renewable\/#breadcrumb\"},\"inLanguage\":\"sq-AL\",\"potentialAction\":[{\"@type\":\"ReadAction\",\"target\":[\"https:\/\/old.adgf.al\/sq\/renewable\/\"]}]},{\"@type\":\"ImageObject\",\"inLanguage\":\"sq-AL\",\"@id\":\"https:\/\/old.adgf.al\/sq\/renewable\/#primaryimage\",\"url\":\"https:\/\/old.adgf.al\/wp-content\/uploads\/2023\/05\/Renewable-Energy-Financing.jpg\",\"contentUrl\":\"https:\/\/old.adgf.al\/wp-content\/uploads\/2023\/05\/Renewable-Energy-Financing.jpg\",\"width\":800,\"height\":600},{\"@type\":\"BreadcrumbList\",\"@id\":\"https:\/\/old.adgf.al\/sq\/renewable\/#breadcrumb\",\"itemListElement\":[{\"@type\":\"ListItem\",\"position\":1,\"name\":\"Home\",\"item\":\"https:\/\/old.adgf.al\/\"},{\"@type\":\"ListItem\",\"position\":2,\"name\":\"Garancia p\u00ebr Financimet e Energjis\u00eb s\u00eb Rinovueshme\"}]},{\"@type\":\"WebSite\",\"@id\":\"https:\/\/old.adgf.al\/#website\",\"url\":\"https:\/\/old.adgf.al\/\",\"name\":\"ADGF\",\"description\":\"Albanian Development Guarantee Foundation\",\"publisher\":{\"@id\":\"https:\/\/old.adgf.al\/#organization\"},\"potentialAction\":[{\"@type\":\"SearchAction\",\"target\":{\"@type\":\"EntryPoint\",\"urlTemplate\":\"https:\/\/old.adgf.al\/?s={search_term_string}\"},\"query-input\":{\"@type\":\"PropertyValueSpecification\",\"valueRequired\":true,\"valueName\":\"search_term_string\"}}],\"inLanguage\":\"sq-AL\"},{\"@type\":\"Organization\",\"@id\":\"https:\/\/old.adgf.al\/#organization\",\"name\":\"ADGF\",\"url\":\"https:\/\/old.adgf.al\/\",\"logo\":{\"@type\":\"ImageObject\",\"inLanguage\":\"sq-AL\",\"@id\":\"https:\/\/old.adgf.al\/#\/schema\/logo\/image\/\",\"url\":\"https:\/\/i0.wp.com\/2bconsulting.al\/newadgf\/wp-content\/uploads\/2023\/05\/adgf-logo-and-banner.png?fit=661%2C150&ssl=1\",\"contentUrl\":\"https:\/\/i0.wp.com\/2bconsulting.al\/newadgf\/wp-content\/uploads\/2023\/05\/adgf-logo-and-banner.png?fit=661%2C150&ssl=1\",\"width\":661,\"height\":150,\"caption\":\"ADGF\"},\"image\":{\"@id\":\"https:\/\/old.adgf.al\/#\/schema\/logo\/image\/\"}}]}<\/script>\n<!-- \/ Yoast SEO plugin. -->","yoast_head_json":{"title":"Garancia p\u00ebr Financimet e Energjis\u00eb s\u00eb Rinovueshme - ADGF","robots":{"index":"noindex","follow":"follow","max-snippet":"max-snippet:-1","max-image-preview":"max-image-preview:large","max-video-preview":"max-video-preview:-1"},"og_locale":"sq_AL","og_type":"article","og_title":"Garancia p\u00ebr Financimet e Energjis\u00eb s\u00eb Rinovueshme - ADGF","og_description":"Garancia p\u00ebr Financimet e Energjis\u00eb s\u00eb Rinovueshme Investimet nga nd\u00ebrmarrjet mikro, t\u00eb vogla dhe t\u00eb mesme n\u00eb fush\u00ebn e energjis\u00eb s\u00eb rinovueshme dhe eficienc\u00ebs s\u00eb energjis\u00eb, [\u2026]","og_url":"https:\/\/old.adgf.al\/sq\/renewable\/","og_site_name":"ADGF","article_modified_time":"2023-05-22T15:24:24+00:00","og_image":[{"width":800,"height":600,"url":"https:\/\/i0.wp.com\/adgf.al\/wp-content\/uploads\/2023\/05\/Renewable-Energy-Financing.jpg?fit=800%2C600&ssl=1","type":"image\/jpeg"}],"twitter_card":"summary_large_image","twitter_misc":{"Est. reading time":"1 minute"},"schema":{"@context":"https:\/\/schema.org","@graph":[{"@type":"WebPage","@id":"https:\/\/old.adgf.al\/sq\/renewable\/","url":"https:\/\/old.adgf.al\/sq\/renewable\/","name":"Garancia p\u00ebr Financimet e Energjis\u00eb s\u00eb Rinovueshme - ADGF","isPartOf":{"@id":"https:\/\/old.adgf.al\/#website"},"primaryImageOfPage":{"@id":"https:\/\/old.adgf.al\/sq\/renewable\/#primaryimage"},"image":{"@id":"https:\/\/old.adgf.al\/sq\/renewable\/#primaryimage"},"thumbnailUrl":"https:\/\/old.adgf.al\/wp-content\/uploads\/2023\/05\/Renewable-Energy-Financing.jpg","datePublished":"2023-05-16T11:18:18+00:00","dateModified":"2023-05-22T15:24:24+00:00","breadcrumb":{"@id":"https:\/\/old.adgf.al\/sq\/renewable\/#breadcrumb"},"inLanguage":"sq-AL","potentialAction":[{"@type":"ReadAction","target":["https:\/\/old.adgf.al\/sq\/renewable\/"]}]},{"@type":"ImageObject","inLanguage":"sq-AL","@id":"https:\/\/old.adgf.al\/sq\/renewable\/#primaryimage","url":"https:\/\/old.adgf.al\/wp-content\/uploads\/2023\/05\/Renewable-Energy-Financing.jpg","contentUrl":"https:\/\/old.adgf.al\/wp-content\/uploads\/2023\/05\/Renewable-Energy-Financing.jpg","width":800,"height":600},{"@type":"BreadcrumbList","@id":"https:\/\/old.adgf.al\/sq\/renewable\/#breadcrumb","itemListElement":[{"@type":"ListItem","position":1,"name":"Home","item":"https:\/\/old.adgf.al\/"},{"@type":"ListItem","position":2,"name":"Garancia p\u00ebr Financimet e Energjis\u00eb s\u00eb Rinovueshme"}]},{"@type":"WebSite","@id":"https:\/\/old.adgf.al\/#website","url":"https:\/\/old.adgf.al\/","name":"ADGF","description":"Albanian Development Guarantee Foundation","publisher":{"@id":"https:\/\/old.adgf.al\/#organization"},"potentialAction":[{"@type":"SearchAction","target":{"@type":"EntryPoint","urlTemplate":"https:\/\/old.adgf.al\/?s={search_term_string}"},"query-input":{"@type":"PropertyValueSpecification","valueRequired":true,"valueName":"search_term_string"}}],"inLanguage":"sq-AL"},{"@type":"Organization","@id":"https:\/\/old.adgf.al\/#organization","name":"ADGF","url":"https:\/\/old.adgf.al\/","logo":{"@type":"ImageObject","inLanguage":"sq-AL","@id":"https:\/\/old.adgf.al\/#\/schema\/logo\/image\/","url":"https:\/\/i0.wp.com\/2bconsulting.al\/newadgf\/wp-content\/uploads\/2023\/05\/adgf-logo-and-banner.png?fit=661%2C150&ssl=1","contentUrl":"https:\/\/i0.wp.com\/2bconsulting.al\/newadgf\/wp-content\/uploads\/2023\/05\/adgf-logo-and-banner.png?fit=661%2C150&ssl=1","width":661,"height":150,"caption":"ADGF"},"image":{"@id":"https:\/\/old.adgf.al\/#\/schema\/logo\/image\/"}}]}},"jetpack_sharing_enabled":true,"_links":{"self":[{"href":"https:\/\/old.adgf.al\/sq\/wp-json\/wp\/v2\/pages\/1118","targetHints":{"allow":["GET"]}}],"collection":[{"href":"https:\/\/old.adgf.al\/sq\/wp-json\/wp\/v2\/pages"}],"about":[{"href":"https:\/\/old.adgf.al\/sq\/wp-json\/wp\/v2\/types\/page"}],"author":[{"embeddable":true,"href":"https:\/\/old.adgf.al\/sq\/wp-json\/wp\/v2\/users\/1"}],"replies":[{"embeddable":true,"href":"https:\/\/old.adgf.al\/sq\/wp-json\/wp\/v2\/comments?post=1118"}],"version-history":[{"count":2,"href":"https:\/\/old.adgf.al\/sq\/wp-json\/wp\/v2\/pages\/1118\/revisions"}],"predecessor-version":[{"id":1120,"href":"https:\/\/old.adgf.al\/sq\/wp-json\/wp\/v2\/pages\/1118\/revisions\/1120"}],"wp:featuredmedia":[{"embeddable":true,"href":"https:\/\/old.adgf.al\/sq\/wp-json\/wp\/v2\/media\/912"}],"wp:attachment":[{"href":"https:\/\/old.adgf.al\/sq\/wp-json\/wp\/v2\/media?parent=1118"}],"curies":[{"name":"wp","href":"https:\/\/api.w.org\/{rel}","templated":true}]}}