{"id":1032,"date":"2023-05-12T15:12:39","date_gmt":"2023-05-12T13:12:39","guid":{"rendered":"https:\/\/2bconsulting.al\/newadgf\/qellimi\/"},"modified":"2023-06-06T11:10:07","modified_gmt":"2023-06-06T09:10:07","slug":"qellimi","status":"publish","type":"page","link":"https:\/\/old.adgf.al\/sq\/qellimi\/","title":{"rendered":"Q\u00ebllimi"},"content":{"rendered":"\t\t<div data-elementor-type=\"wp-page\" data-elementor-id=\"1032\" class=\"elementor elementor-1032 elementor-399\" data-elementor-post-type=\"page\">\n\t\t\t\t\t\t<section class=\"elementor-section elementor-top-section elementor-element elementor-element-c0c7801 elementor-section-boxed elementor-section-height-default elementor-section-height-default\" data-id=\"c0c7801\" data-element_type=\"section\">\n\t\t\t\t\t\t<div class=\"elementor-container elementor-column-gap-default\">\n\t\t\t\t\t<div class=\"elementor-column elementor-col-100 elementor-top-column elementor-element elementor-element-09482e0\" data-id=\"09482e0\" data-element_type=\"column\">\n\t\t\t<div class=\"elementor-widget-wrap elementor-element-populated\">\n\t\t\t\t\t\t<div class=\"elementor-element elementor-element-835f015 elementor-widget elementor-widget-shortcode\" data-id=\"835f015\" data-element_type=\"widget\" data-widget_type=\"shortcode.default\">\n\t\t\t\t<div class=\"elementor-widget-container\">\n\t\t\t\t\t\t\t<div class=\"elementor-shortcode\"><p style=\"font-size:80%;\"><span><span><a href=\"https:\/\/old.adgf.al\/\">Home<\/a><\/span><\/span><\/p><\/div>\n\t\t\t\t\t\t<\/div>\n\t\t\t\t<\/div>\n\t\t\t\t<div class=\"elementor-element elementor-element-1f202cf elementor-widget elementor-widget-text-editor\" data-id=\"1f202cf\" data-element_type=\"widget\" data-widget_type=\"text-editor.default\">\n\t\t\t\t<div class=\"elementor-widget-container\">\n\t\t\t\t\t\t\t\t\t<div class=\"vc_custom_heading text_align_left title_no_stripe\">\n<div class=\"vc_row wpb_row vc_row-fluid\">\n<div class=\"wpb_column vc_column_container vc_col-sm-12\">\n<div class=\"vc_column-inner \">\n<div class=\"wpb_wrapper\">\n<div class=\"wpb_text_column wpb_content_element \">\n<div class=\"wpb_wrapper\">\n<h3><span style=\"text-decoration: underline; text-decoration-color: #5aac4e;text-underline-offset: 12px;\">Q\u00eb<\/span>llimi<\/h3>\n<p>Q\u00ebllimi i fondacionit \u00ebsht\u00eb t\u00eb inkurajoj\u00eb bankat dhe institucionet financiare jobankare (NBFI) t\u00eb ofrojn\u00eb sh\u00ebrbime financiare p\u00ebr nd\u00ebrmarrjet mikro, t\u00eb vogla dhe t\u00eb mesme n\u00eb sektor\u00eb t\u00eb ndrysh\u00ebm ekonomik\u00eb, p\u00ebrfshir\u00eb bujq\u00ebsin\u00eb, dhe sektor\u00ebt e lidhur me t\u00eb, mbi baza t\u00eb q\u00ebndrueshme, p\u00ebr tu mund\u00ebsuar atyre t\u00eb krijojn\u00eb vende t\u00eb reja pune, t\u00eb rriten dhe t\u00eb b\u00ebhen m\u00eb konkurruese n\u00eb treg.<\/p><p><span style=\"letter-spacing: 0px;\">P\u00ebr t\u00eb arritur k\u00ebt\u00eb objektiv, ADGF lidh marr\u00ebveshje partneriteti me institucione financiare dhe siguron garanci t\u00eb pjesshme q\u00eb mbulon rrezikun e kredis\u00eb t\u00eb lidhur me kredit\u00eb fillestare apo t\u00eb zgjeruara rishtazi, p\u00ebr:<\/span><\/p>\n<ul>\n<li><em>Nd\u00ebrmarrjet mikro, t\u00eb vogla dhe t\u00eb mesme (MSME) n\u00eb sektorin agro specifikisht, zonat rurale n\u00eb p\u00ebrgjith\u00ebsi, dhe MSME n\u00eb sektor\u00eb t\u00eb tjer\u00eb t\u00eb ekonomis\u00eb.<\/em><\/li>\n<li><em>NBFI-t\u00eb p\u00ebr kreditim t\u00eb MSME-ve n\u00eb sektorin agro specifikisht dhe zonat rurale n\u00eb p\u00ebrgjith\u00ebsi.<\/em><\/li>\n<\/ul>\n<\/div>\n<\/div>\n<\/div>\n<\/div>\n<\/div>\n<\/div>\n<div class=\"vc_row wpb_row vc_row-fluid\">\n<div class=\"wpb_column vc_column_container vc_col-sm-12\">\n<div class=\"vc_column-inner \">\n<div class=\"wpb_wrapper\"><\/div>\n<\/div>\n<\/div>\n<\/div>\n<\/div>\t\t\t\t\t\t\t\t<\/div>\n\t\t\t\t<\/div>\n\t\t\t\t\t<\/div>\n\t\t<\/div>\n\t\t\t\t\t<\/div>\n\t\t<\/section>\n\t\t\t\t<section class=\"elementor-section elementor-top-section elementor-element elementor-element-87db43b elementor-section-boxed elementor-section-height-default elementor-section-height-default\" data-id=\"87db43b\" data-element_type=\"section\">\n\t\t\t\t\t\t<div class=\"elementor-container elementor-column-gap-default\">\n\t\t\t\t\t<div class=\"elementor-column elementor-col-100 elementor-top-column elementor-element elementor-element-28493ba\" data-id=\"28493ba\" data-element_type=\"column\">\n\t\t\t<div class=\"elementor-widget-wrap elementor-element-populated\">\n\t\t\t\t\t\t<div class=\"elementor-element elementor-element-d7335c3 elementor-widget elementor-widget-spacer\" data-id=\"d7335c3\" data-element_type=\"widget\" data-widget_type=\"spacer.default\">\n\t\t\t\t<div class=\"elementor-widget-container\">\n\t\t\t\t\t\t\t<div class=\"elementor-spacer\">\n\t\t\t<div class=\"elementor-spacer-inner\"><\/div>\n\t\t<\/div>\n\t\t\t\t\t\t<\/div>\n\t\t\t\t<\/div>\n\t\t\t\t\t<\/div>\n\t\t<\/div>\n\t\t\t\t\t<\/div>\n\t\t<\/section>\n\t\t\t\t<\/div>\n\t\t","protected":false},"excerpt":{"rendered":"<p>Q\u00ebllimi Q\u00ebllimi i fondacionit \u00ebsht\u00eb t\u00eb inkurajoj\u00eb bankat dhe institucionet financiare jobankare (NBFI) t\u00eb ofrojn\u00eb sh\u00ebrbime financiare p\u00ebr nd\u00ebrmarrjet mikro, t\u00eb vogla dhe t\u00eb mesme n\u00eb<span class=\"excerpt-hellip\"> [\u2026]<\/span><\/p>\n","protected":false},"author":1,"featured_media":0,"parent":0,"menu_order":0,"comment_status":"closed","ping_status":"closed","template":"","meta":{"ngg_post_thumbnail":0,"footnotes":""},"class_list":["post-1032","page","type-page","status-publish","hentry"],"yoast_head":"<!-- This site is optimized with the Yoast SEO plugin v25.9 - https:\/\/yoast.com\/wordpress\/plugins\/seo\/ -->\n<title>Q\u00ebllimi - ADGF<\/title>\n<meta name=\"robots\" content=\"noindex, follow, max-snippet:-1, max-image-preview:large, max-video-preview:-1\" \/>\n<meta property=\"og:locale\" content=\"sq_AL\" \/>\n<meta property=\"og:type\" content=\"article\" \/>\n<meta property=\"og:title\" content=\"Q\u00ebllimi - ADGF\" \/>\n<meta property=\"og:description\" content=\"Q\u00ebllimi Q\u00ebllimi i fondacionit \u00ebsht\u00eb t\u00eb inkurajoj\u00eb bankat dhe institucionet financiare jobankare (NBFI) t\u00eb ofrojn\u00eb sh\u00ebrbime financiare p\u00ebr nd\u00ebrmarrjet mikro, t\u00eb vogla dhe t\u00eb mesme n\u00eb [\u2026]\" \/>\n<meta property=\"og:url\" content=\"https:\/\/old.adgf.al\/objective\/\" \/>\n<meta property=\"og:site_name\" content=\"ADGF\" \/>\n<meta property=\"article:modified_time\" content=\"2023-06-06T09:10:07+00:00\" \/>\n<meta name=\"twitter:card\" content=\"summary_large_image\" \/>\n<meta name=\"twitter:label1\" content=\"Est. reading time\" \/>\n\t<meta name=\"twitter:data1\" content=\"1 minute\" \/>\n<script type=\"application\/ld+json\" class=\"yoast-schema-graph\">{\"@context\":\"https:\/\/schema.org\",\"@graph\":[{\"@type\":\"WebPage\",\"@id\":\"https:\/\/old.adgf.al\/objective\/\",\"url\":\"https:\/\/old.adgf.al\/objective\/\",\"name\":\"Q\u00ebllimi - ADGF\",\"isPartOf\":{\"@id\":\"https:\/\/old.adgf.al\/#website\"},\"datePublished\":\"2023-05-12T13:12:39+00:00\",\"dateModified\":\"2023-06-06T09:10:07+00:00\",\"breadcrumb\":{\"@id\":\"https:\/\/old.adgf.al\/objective\/#breadcrumb\"},\"inLanguage\":\"sq-AL\",\"potentialAction\":[{\"@type\":\"ReadAction\",\"target\":[\"https:\/\/old.adgf.al\/objective\/\"]}]},{\"@type\":\"BreadcrumbList\",\"@id\":\"https:\/\/old.adgf.al\/objective\/#breadcrumb\",\"itemListElement\":[{\"@type\":\"ListItem\",\"position\":1,\"name\":\"Home\",\"item\":\"https:\/\/old.adgf.al\/\"},{\"@type\":\"ListItem\",\"position\":2,\"name\":\"Q\u00ebllimi\"}]},{\"@type\":\"WebSite\",\"@id\":\"https:\/\/old.adgf.al\/#website\",\"url\":\"https:\/\/old.adgf.al\/\",\"name\":\"ADGF\",\"description\":\"Albanian Development Guarantee Foundation\",\"publisher\":{\"@id\":\"https:\/\/old.adgf.al\/#organization\"},\"potentialAction\":[{\"@type\":\"SearchAction\",\"target\":{\"@type\":\"EntryPoint\",\"urlTemplate\":\"https:\/\/old.adgf.al\/?s={search_term_string}\"},\"query-input\":{\"@type\":\"PropertyValueSpecification\",\"valueRequired\":true,\"valueName\":\"search_term_string\"}}],\"inLanguage\":\"sq-AL\"},{\"@type\":\"Organization\",\"@id\":\"https:\/\/old.adgf.al\/#organization\",\"name\":\"ADGF\",\"url\":\"https:\/\/old.adgf.al\/\",\"logo\":{\"@type\":\"ImageObject\",\"inLanguage\":\"sq-AL\",\"@id\":\"https:\/\/old.adgf.al\/#\/schema\/logo\/image\/\",\"url\":\"https:\/\/i0.wp.com\/2bconsulting.al\/newadgf\/wp-content\/uploads\/2023\/05\/adgf-logo-and-banner.png?fit=661%2C150&ssl=1\",\"contentUrl\":\"https:\/\/i0.wp.com\/2bconsulting.al\/newadgf\/wp-content\/uploads\/2023\/05\/adgf-logo-and-banner.png?fit=661%2C150&ssl=1\",\"width\":661,\"height\":150,\"caption\":\"ADGF\"},\"image\":{\"@id\":\"https:\/\/old.adgf.al\/#\/schema\/logo\/image\/\"}}]}<\/script>\n<!-- \/ Yoast SEO plugin. -->","yoast_head_json":{"title":"Q\u00ebllimi - ADGF","robots":{"index":"noindex","follow":"follow","max-snippet":"max-snippet:-1","max-image-preview":"max-image-preview:large","max-video-preview":"max-video-preview:-1"},"og_locale":"sq_AL","og_type":"article","og_title":"Q\u00ebllimi - ADGF","og_description":"Q\u00ebllimi Q\u00ebllimi i fondacionit \u00ebsht\u00eb t\u00eb inkurajoj\u00eb bankat dhe institucionet financiare jobankare (NBFI) t\u00eb ofrojn\u00eb sh\u00ebrbime financiare p\u00ebr nd\u00ebrmarrjet mikro, t\u00eb vogla dhe t\u00eb mesme n\u00eb [\u2026]","og_url":"https:\/\/old.adgf.al\/objective\/","og_site_name":"ADGF","article_modified_time":"2023-06-06T09:10:07+00:00","twitter_card":"summary_large_image","twitter_misc":{"Est. reading time":"1 minute"},"schema":{"@context":"https:\/\/schema.org","@graph":[{"@type":"WebPage","@id":"https:\/\/old.adgf.al\/objective\/","url":"https:\/\/old.adgf.al\/objective\/","name":"Q\u00ebllimi - ADGF","isPartOf":{"@id":"https:\/\/old.adgf.al\/#website"},"datePublished":"2023-05-12T13:12:39+00:00","dateModified":"2023-06-06T09:10:07+00:00","breadcrumb":{"@id":"https:\/\/old.adgf.al\/objective\/#breadcrumb"},"inLanguage":"sq-AL","potentialAction":[{"@type":"ReadAction","target":["https:\/\/old.adgf.al\/objective\/"]}]},{"@type":"BreadcrumbList","@id":"https:\/\/old.adgf.al\/objective\/#breadcrumb","itemListElement":[{"@type":"ListItem","position":1,"name":"Home","item":"https:\/\/old.adgf.al\/"},{"@type":"ListItem","position":2,"name":"Q\u00ebllimi"}]},{"@type":"WebSite","@id":"https:\/\/old.adgf.al\/#website","url":"https:\/\/old.adgf.al\/","name":"ADGF","description":"Albanian Development Guarantee Foundation","publisher":{"@id":"https:\/\/old.adgf.al\/#organization"},"potentialAction":[{"@type":"SearchAction","target":{"@type":"EntryPoint","urlTemplate":"https:\/\/old.adgf.al\/?s={search_term_string}"},"query-input":{"@type":"PropertyValueSpecification","valueRequired":true,"valueName":"search_term_string"}}],"inLanguage":"sq-AL"},{"@type":"Organization","@id":"https:\/\/old.adgf.al\/#organization","name":"ADGF","url":"https:\/\/old.adgf.al\/","logo":{"@type":"ImageObject","inLanguage":"sq-AL","@id":"https:\/\/old.adgf.al\/#\/schema\/logo\/image\/","url":"https:\/\/i0.wp.com\/2bconsulting.al\/newadgf\/wp-content\/uploads\/2023\/05\/adgf-logo-and-banner.png?fit=661%2C150&ssl=1","contentUrl":"https:\/\/i0.wp.com\/2bconsulting.al\/newadgf\/wp-content\/uploads\/2023\/05\/adgf-logo-and-banner.png?fit=661%2C150&ssl=1","width":661,"height":150,"caption":"ADGF"},"image":{"@id":"https:\/\/old.adgf.al\/#\/schema\/logo\/image\/"}}]}},"jetpack_sharing_enabled":true,"_links":{"self":[{"href":"https:\/\/old.adgf.al\/sq\/wp-json\/wp\/v2\/pages\/1032","targetHints":{"allow":["GET"]}}],"collection":[{"href":"https:\/\/old.adgf.al\/sq\/wp-json\/wp\/v2\/pages"}],"about":[{"href":"https:\/\/old.adgf.al\/sq\/wp-json\/wp\/v2\/types\/page"}],"author":[{"embeddable":true,"href":"https:\/\/old.adgf.al\/sq\/wp-json\/wp\/v2\/users\/1"}],"replies":[{"embeddable":true,"href":"https:\/\/old.adgf.al\/sq\/wp-json\/wp\/v2\/comments?post=1032"}],"version-history":[{"count":8,"href":"https:\/\/old.adgf.al\/sq\/wp-json\/wp\/v2\/pages\/1032\/revisions"}],"predecessor-version":[{"id":1710,"href":"https:\/\/old.adgf.al\/sq\/wp-json\/wp\/v2\/pages\/1032\/revisions\/1710"}],"wp:attachment":[{"href":"https:\/\/old.adgf.al\/sq\/wp-json\/wp\/v2\/media?parent=1032"}],"curies":[{"name":"wp","href":"https:\/\/api.w.org\/{rel}","templated":true}]}}