{"id":1018,"date":"2020-04-30T08:21:04","date_gmt":"2020-04-30T06:21:04","guid":{"rendered":"https:\/\/2bconsulting.al\/newadgf\/home\/"},"modified":"2025-09-10T15:39:22","modified_gmt":"2025-09-10T13:39:22","slug":"home","status":"publish","type":"page","link":"https:\/\/old.adgf.al\/sq\/","title":{"rendered":"HOME"},"content":{"rendered":"\t\t<div data-elementor-type=\"wp-page\" data-elementor-id=\"1018\" class=\"elementor elementor-1018 elementor-2\" data-elementor-post-type=\"page\">\n\t\t\t\t\t\t<section class=\"elementor-section elementor-top-section elementor-element elementor-element-c0c7801 elementor-section-boxed elementor-section-height-default elementor-section-height-default\" data-id=\"c0c7801\" data-element_type=\"section\">\n\t\t\t\t\t\t<div class=\"elementor-container elementor-column-gap-default\">\n\t\t\t\t\t<div class=\"elementor-column elementor-col-50 elementor-top-column elementor-element elementor-element-09482e0\" data-id=\"09482e0\" data-element_type=\"column\">\n\t\t\t<div class=\"elementor-widget-wrap elementor-element-populated\">\n\t\t\t\t\t\t<div class=\"elementor-element elementor-element-1f202cf elementor-widget elementor-widget-text-editor\" data-id=\"1f202cf\" data-element_type=\"widget\" data-widget_type=\"text-editor.default\">\n\t\t\t\t<div class=\"elementor-widget-container\">\n\t\t\t\t\t\t\t\t\t<div class=\"vc_custom_heading text_align_left title_no_stripe\">\n<h3><span style=\"text-decoration: underline; text-decoration-color: #5aac4e; text-underline-offset: 12px;\">Rr<\/span>eth Nesh<\/h3>\n<\/div>\n<div class=\"wpb_text_column wpb_content_element vc_custom_1640256331731\">\n<div class=\"wpb_wrapper\">\n<p>Albanian Development Guarantee Foundation (ADGF) u krijua n\u00eb Korrik 2015, bazuar n\u00eb ligjet e Republik\u00ebs s\u00eb Shqip\u00ebris\u00eb. Ideja u konceptua si pjes\u00eb e korniz\u00ebs s\u00eb BE-s\u00eb p\u00ebr IPA p\u00ebr t\u00eb financuar nj\u00eb program \u201cProgrami p\u00ebr Garancin\u00eb e Kredis\u00eb Rurale\u201d n\u00eb Shqip\u00ebri me q\u00ebllim t\u00eb rritjes s\u00eb t\u00eb ardhurave familjare n\u00eb zonat rurale t\u00eb Shqip\u00ebris\u00eb.&nbsp;<strong style=\"letter-spacing: 0px;\"><a href=\"https:\/\/old.adgf.al\/sq\/rreth-nesh\/\">Lexo m\u00eb shum\u00eb\u2026<\/a><\/strong><\/p>\n<\/div>\n<\/div>\t\t\t\t\t\t\t\t<\/div>\n\t\t\t\t<\/div>\n\t\t\t\t\t<\/div>\n\t\t<\/div>\n\t\t\t\t<div class=\"elementor-column elementor-col-50 elementor-top-column elementor-element elementor-element-8de806f\" data-id=\"8de806f\" data-element_type=\"column\">\n\t\t\t<div class=\"elementor-widget-wrap elementor-element-populated\">\n\t\t\t\t\t\t<div class=\"elementor-element elementor-element-ce69ed6 elementor-widget elementor-widget-image\" data-id=\"ce69ed6\" data-element_type=\"widget\" data-widget_type=\"image.default\">\n\t\t\t\t<div class=\"elementor-widget-container\">\n\t\t\t\t\t\t\t\t\t\t\t\t\t\t\t<img fetchpriority=\"high\" decoding=\"async\" width=\"585\" height=\"383\" src=\"https:\/\/old.adgf.al\/wp-content\/uploads\/2023\/05\/main-page-1-1.jpg\" class=\"attachment-large size-large wp-image-344\" alt=\"\" srcset=\"https:\/\/old.adgf.al\/wp-content\/uploads\/2023\/05\/main-page-1-1.jpg 585w, https:\/\/old.adgf.al\/wp-content\/uploads\/2023\/05\/main-page-1-1-300x196.jpg 300w, https:\/\/old.adgf.al\/wp-content\/uploads\/2023\/05\/main-page-1-1-223x146.jpg 223w, https:\/\/old.adgf.al\/wp-content\/uploads\/2023\/05\/main-page-1-1-50x33.jpg 50w, https:\/\/old.adgf.al\/wp-content\/uploads\/2023\/05\/main-page-1-1-115x75.jpg 115w, https:\/\/old.adgf.al\/wp-content\/uploads\/2023\/05\/main-page-1-1-480x314.jpg 480w\" sizes=\"(max-width:767px) 480px, 585px\" \/>\t\t\t\t\t\t\t\t\t\t\t\t\t\t\t<\/div>\n\t\t\t\t<\/div>\n\t\t\t\t\t<\/div>\n\t\t<\/div>\n\t\t\t\t\t<\/div>\n\t\t<\/section>\n\t\t\t\t<\/div>\n\t\t","protected":false},"excerpt":{"rendered":"<p>Rreth Nesh Albanian Development Guarantee Foundation (ADGF) u krijua n\u00eb Korrik 2015, bazuar n\u00eb ligjet e Republik\u00ebs s\u00eb Shqip\u00ebris\u00eb. Ideja u konceptua si pjes\u00eb e korniz\u00ebs<span class=\"excerpt-hellip\"> [\u2026]<\/span><\/p>\n","protected":false},"author":1,"featured_media":0,"parent":0,"menu_order":0,"comment_status":"closed","ping_status":"open","template":"","meta":{"ngg_post_thumbnail":0,"footnotes":""},"class_list":["post-1018","page","type-page","status-publish","hentry"],"yoast_head":"<!-- This site is optimized with the Yoast SEO plugin v25.9 - https:\/\/yoast.com\/wordpress\/plugins\/seo\/ -->\n<title>HOME - ADGF<\/title>\n<meta name=\"robots\" content=\"noindex, follow, max-snippet:-1, max-image-preview:large, max-video-preview:-1\" \/>\n<meta property=\"og:locale\" content=\"sq_AL\" \/>\n<meta property=\"og:type\" content=\"article\" \/>\n<meta property=\"og:title\" content=\"HOME - ADGF\" \/>\n<meta property=\"og:description\" content=\"Rreth Nesh Albanian Development Guarantee Foundation (ADGF) u krijua n\u00eb Korrik 2015, bazuar n\u00eb ligjet e Republik\u00ebs s\u00eb Shqip\u00ebris\u00eb. Ideja u konceptua si pjes\u00eb e korniz\u00ebs [\u2026]\" \/>\n<meta property=\"og:url\" content=\"https:\/\/old.adgf.al\/\" \/>\n<meta property=\"og:site_name\" content=\"ADGF\" \/>\n<meta property=\"article:modified_time\" content=\"2025-09-10T13:39:22+00:00\" \/>\n<meta property=\"og:image\" content=\"https:\/\/old.adgf.al\/wp-content\/uploads\/2023\/05\/main-page-1-1.jpg\" \/>\n<meta name=\"twitter:card\" content=\"summary_large_image\" \/>\n<meta name=\"twitter:label1\" content=\"Est. reading time\" \/>\n\t<meta name=\"twitter:data1\" content=\"1 minute\" \/>\n<script type=\"application\/ld+json\" class=\"yoast-schema-graph\">{\"@context\":\"https:\/\/schema.org\",\"@graph\":[{\"@type\":\"WebPage\",\"@id\":\"https:\/\/old.adgf.al\/\",\"url\":\"https:\/\/old.adgf.al\/\",\"name\":\"HOME - ADGF\",\"isPartOf\":{\"@id\":\"https:\/\/old.adgf.al\/#website\"},\"primaryImageOfPage\":{\"@id\":\"https:\/\/old.adgf.al\/#primaryimage\"},\"image\":{\"@id\":\"https:\/\/old.adgf.al\/#primaryimage\"},\"thumbnailUrl\":\"https:\/\/old.adgf.al\/wp-content\/uploads\/2023\/05\/main-page-1-1.jpg\",\"datePublished\":\"2020-04-30T06:21:04+00:00\",\"dateModified\":\"2025-09-10T13:39:22+00:00\",\"breadcrumb\":{\"@id\":\"https:\/\/old.adgf.al\/#breadcrumb\"},\"inLanguage\":\"sq-AL\",\"potentialAction\":[{\"@type\":\"ReadAction\",\"target\":[\"https:\/\/old.adgf.al\/\"]}]},{\"@type\":\"ImageObject\",\"inLanguage\":\"sq-AL\",\"@id\":\"https:\/\/old.adgf.al\/#primaryimage\",\"url\":\"https:\/\/old.adgf.al\/wp-content\/uploads\/2023\/05\/main-page-1-1.jpg\",\"contentUrl\":\"https:\/\/old.adgf.al\/wp-content\/uploads\/2023\/05\/main-page-1-1.jpg\"},{\"@type\":\"BreadcrumbList\",\"@id\":\"https:\/\/old.adgf.al\/#breadcrumb\",\"itemListElement\":[{\"@type\":\"ListItem\",\"position\":1,\"name\":\"Home\",\"item\":\"https:\/\/old.adgf.al\/\"},{\"@type\":\"ListItem\",\"position\":2,\"name\":\"HOME\"}]},{\"@type\":\"WebSite\",\"@id\":\"https:\/\/old.adgf.al\/#website\",\"url\":\"https:\/\/old.adgf.al\/\",\"name\":\"ADGF\",\"description\":\"Albanian Development Guarantee Foundation\",\"publisher\":{\"@id\":\"https:\/\/old.adgf.al\/#organization\"},\"potentialAction\":[{\"@type\":\"SearchAction\",\"target\":{\"@type\":\"EntryPoint\",\"urlTemplate\":\"https:\/\/old.adgf.al\/?s={search_term_string}\"},\"query-input\":{\"@type\":\"PropertyValueSpecification\",\"valueRequired\":true,\"valueName\":\"search_term_string\"}}],\"inLanguage\":\"sq-AL\"},{\"@type\":\"Organization\",\"@id\":\"https:\/\/old.adgf.al\/#organization\",\"name\":\"ADGF\",\"url\":\"https:\/\/old.adgf.al\/\",\"logo\":{\"@type\":\"ImageObject\",\"inLanguage\":\"sq-AL\",\"@id\":\"https:\/\/old.adgf.al\/#\/schema\/logo\/image\/\",\"url\":\"https:\/\/i0.wp.com\/2bconsulting.al\/newadgf\/wp-content\/uploads\/2023\/05\/adgf-logo-and-banner.png?fit=661%2C150&ssl=1\",\"contentUrl\":\"https:\/\/i0.wp.com\/2bconsulting.al\/newadgf\/wp-content\/uploads\/2023\/05\/adgf-logo-and-banner.png?fit=661%2C150&ssl=1\",\"width\":661,\"height\":150,\"caption\":\"ADGF\"},\"image\":{\"@id\":\"https:\/\/old.adgf.al\/#\/schema\/logo\/image\/\"}}]}<\/script>\n<!-- \/ Yoast SEO plugin. -->","yoast_head_json":{"title":"HOME - ADGF","robots":{"index":"noindex","follow":"follow","max-snippet":"max-snippet:-1","max-image-preview":"max-image-preview:large","max-video-preview":"max-video-preview:-1"},"og_locale":"sq_AL","og_type":"article","og_title":"HOME - ADGF","og_description":"Rreth Nesh Albanian Development Guarantee Foundation (ADGF) u krijua n\u00eb Korrik 2015, bazuar n\u00eb ligjet e Republik\u00ebs s\u00eb Shqip\u00ebris\u00eb. Ideja u konceptua si pjes\u00eb e korniz\u00ebs [\u2026]","og_url":"https:\/\/old.adgf.al\/","og_site_name":"ADGF","article_modified_time":"2025-09-10T13:39:22+00:00","og_image":[{"url":"https:\/\/old.adgf.al\/wp-content\/uploads\/2023\/05\/main-page-1-1.jpg","type":"","width":"","height":""}],"twitter_card":"summary_large_image","twitter_misc":{"Est. reading time":"1 minute"},"schema":{"@context":"https:\/\/schema.org","@graph":[{"@type":"WebPage","@id":"https:\/\/old.adgf.al\/","url":"https:\/\/old.adgf.al\/","name":"HOME - ADGF","isPartOf":{"@id":"https:\/\/old.adgf.al\/#website"},"primaryImageOfPage":{"@id":"https:\/\/old.adgf.al\/#primaryimage"},"image":{"@id":"https:\/\/old.adgf.al\/#primaryimage"},"thumbnailUrl":"https:\/\/old.adgf.al\/wp-content\/uploads\/2023\/05\/main-page-1-1.jpg","datePublished":"2020-04-30T06:21:04+00:00","dateModified":"2025-09-10T13:39:22+00:00","breadcrumb":{"@id":"https:\/\/old.adgf.al\/#breadcrumb"},"inLanguage":"sq-AL","potentialAction":[{"@type":"ReadAction","target":["https:\/\/old.adgf.al\/"]}]},{"@type":"ImageObject","inLanguage":"sq-AL","@id":"https:\/\/old.adgf.al\/#primaryimage","url":"https:\/\/old.adgf.al\/wp-content\/uploads\/2023\/05\/main-page-1-1.jpg","contentUrl":"https:\/\/old.adgf.al\/wp-content\/uploads\/2023\/05\/main-page-1-1.jpg"},{"@type":"BreadcrumbList","@id":"https:\/\/old.adgf.al\/#breadcrumb","itemListElement":[{"@type":"ListItem","position":1,"name":"Home","item":"https:\/\/old.adgf.al\/"},{"@type":"ListItem","position":2,"name":"HOME"}]},{"@type":"WebSite","@id":"https:\/\/old.adgf.al\/#website","url":"https:\/\/old.adgf.al\/","name":"ADGF","description":"Albanian Development Guarantee Foundation","publisher":{"@id":"https:\/\/old.adgf.al\/#organization"},"potentialAction":[{"@type":"SearchAction","target":{"@type":"EntryPoint","urlTemplate":"https:\/\/old.adgf.al\/?s={search_term_string}"},"query-input":{"@type":"PropertyValueSpecification","valueRequired":true,"valueName":"search_term_string"}}],"inLanguage":"sq-AL"},{"@type":"Organization","@id":"https:\/\/old.adgf.al\/#organization","name":"ADGF","url":"https:\/\/old.adgf.al\/","logo":{"@type":"ImageObject","inLanguage":"sq-AL","@id":"https:\/\/old.adgf.al\/#\/schema\/logo\/image\/","url":"https:\/\/i0.wp.com\/2bconsulting.al\/newadgf\/wp-content\/uploads\/2023\/05\/adgf-logo-and-banner.png?fit=661%2C150&ssl=1","contentUrl":"https:\/\/i0.wp.com\/2bconsulting.al\/newadgf\/wp-content\/uploads\/2023\/05\/adgf-logo-and-banner.png?fit=661%2C150&ssl=1","width":661,"height":150,"caption":"ADGF"},"image":{"@id":"https:\/\/old.adgf.al\/#\/schema\/logo\/image\/"}}]}},"jetpack_sharing_enabled":true,"_links":{"self":[{"href":"https:\/\/old.adgf.al\/sq\/wp-json\/wp\/v2\/pages\/1018","targetHints":{"allow":["GET"]}}],"collection":[{"href":"https:\/\/old.adgf.al\/sq\/wp-json\/wp\/v2\/pages"}],"about":[{"href":"https:\/\/old.adgf.al\/sq\/wp-json\/wp\/v2\/types\/page"}],"author":[{"embeddable":true,"href":"https:\/\/old.adgf.al\/sq\/wp-json\/wp\/v2\/users\/1"}],"replies":[{"embeddable":true,"href":"https:\/\/old.adgf.al\/sq\/wp-json\/wp\/v2\/comments?post=1018"}],"version-history":[{"count":29,"href":"https:\/\/old.adgf.al\/sq\/wp-json\/wp\/v2\/pages\/1018\/revisions"}],"predecessor-version":[{"id":2279,"href":"https:\/\/old.adgf.al\/sq\/wp-json\/wp\/v2\/pages\/1018\/revisions\/2279"}],"wp:attachment":[{"href":"https:\/\/old.adgf.al\/sq\/wp-json\/wp\/v2\/media?parent=1018"}],"curies":[{"name":"wp","href":"https:\/\/api.w.org\/{rel}","templated":true}]}}